{"id":27,"date":"2016-12-11T13:44:22","date_gmt":"2016-12-11T13:44:22","guid":{"rendered":"http:\/\/914-shop.de\/?page_id=27"},"modified":"2016-12-11T13:44:22","modified_gmt":"2016-12-11T13:44:22","slug":"wie-ich-zum-914-kam","status":"publish","type":"page","link":"https:\/\/914-shop.de\/?page_id=27","title":{"rendered":"wie ich zum 914 kam"},"content":{"rendered":"<h1>Wie alles begann oder wie ich zum 914er gekommen bin&#8230;&#8230;&#8230;.<\/h1>\n<h2>Also, lange Geschichte kurz niedergeschrieben:<\/h2>\n<h2>Meine Eltern hatten eine Gastwirtschaft mit Fremdenzimmern, einesTages (ich glaube es war so 1973) quartierten sich f\u00fcr ca. 4 Monate einige Monteure ein, die f\u00fcr das \u00f6rtliche Wasserwerk Tiefenbrunnen anlegten.<br \/>\nEiner der Monteure hie\u00df Heino, kam aus K\u00f6ln, sah auch aus wie Heino und fuhr einen gelben 914.<br \/>\nHeino hat mich einige Male mitgenommen und so daf\u00fcr gesorgt, dass der 14er Virus mich bis heute nicht mehr losgelassen hat. Nach ungez\u00e4hlten 4ern, von denen ich 4 komplett restauriert habe, fahre ich einen 72er 914-6.<br \/>\nDen ersten 14er, ein wei\u00dfer 1.7 mit blauen Streifen habe ich mit 17 gekauft, den ich zwar noch nicht fahren durfte, aber meine Freundin, die ihn dann auch gleich mal schrottete.<br \/>\nSo folgten mehrere 2.0er, bis ich 1991 eine mehrj\u00e4hrige Pause, wegen Heirat, Kindern und Hausbau, einlegte.<br \/>\nDa der Virus nur schlief und langsam wieder aktiv wurde, begann ich mit dem Sammeln von 914-Modellautos, bis meine Frau meinte, dass ich doch mal nach einen 14er zum Fahren gucken sollte&#8230;&#8230;&#8230;..<\/h2>\n<p>&nbsp;<\/p>\n","protected":false},"excerpt":{"rendered":"<p>Wie alles begann oder wie ich zum 914er gekommen bin&#8230;&#8230;&#8230;. Also, lange Geschichte kurz niedergeschrieben: Meine Eltern hatten eine Gastwirtschaft mit Fremdenzimmern, einesTages (ich glaube es war so 1973) quartierten sich f\u00fcr ca. 4 Monate einige Monteure ein, die f\u00fcr &hellip; <a href=\"https:\/\/914-shop.de\/?page_id=27\">Weiterlesen <span class=\"meta-nav\">&rarr;<\/span><\/a><\/p>\n","protected":false},"author":1,"featured_media":0,"parent":0,"menu_order":0,"comment_status":"closed","ping_status":"closed","template":"","meta":{"_bbp_topic_count":0,"_bbp_reply_count":0,"_bbp_total_topic_count":0,"_bbp_total_reply_count":0,"_bbp_voice_count":0,"_bbp_anonymous_reply_count":0,"_bbp_topic_count_hidden":0,"_bbp_reply_count_hidden":0,"_bbp_forum_subforum_count":0},"_links":{"self":[{"href":"https:\/\/914-shop.de\/index.php?rest_route=\/wp\/v2\/pages\/27"}],"collection":[{"href":"https:\/\/914-shop.de\/index.php?rest_route=\/wp\/v2\/pages"}],"about":[{"href":"https:\/\/914-shop.de\/index.php?rest_route=\/wp\/v2\/types\/page"}],"author":[{"embeddable":true,"href":"https:\/\/914-shop.de\/index.php?rest_route=\/wp\/v2\/users\/1"}],"replies":[{"embeddable":true,"href":"https:\/\/914-shop.de\/index.php?rest_route=%2Fwp%2Fv2%2Fcomments&post=27"}],"version-history":[{"count":1,"href":"https:\/\/914-shop.de\/index.php?rest_route=\/wp\/v2\/pages\/27\/revisions"}],"predecessor-version":[{"id":28,"href":"https:\/\/914-shop.de\/index.php?rest_route=\/wp\/v2\/pages\/27\/revisions\/28"}],"wp:attachment":[{"href":"https:\/\/914-shop.de\/index.php?rest_route=%2Fwp%2Fv2%2Fmedia&parent=27"}],"curies":[{"name":"wp","href":"https:\/\/api.w.org\/{rel}","templated":true}]}}